{"id":2316,"date":"2023-08-15T09:26:35","date_gmt":"2023-08-15T09:26:35","guid":{"rendered":"https:\/\/reiseprofi.online\/?page_id=2316"},"modified":"2023-08-19T12:13:54","modified_gmt":"2023-08-19T12:13:54","slug":"tanz-reisen","status":"publish","type":"page","link":"https:\/\/reiseprofi.online\/?page_id=2316","title":{"rendered":"Tanzreisen"},"content":{"rendered":"\t\t<div data-elementor-type=\"wp-page\" data-elementor-id=\"2316\" class=\"elementor elementor-2316\">\n\t\t\t\t\t\t<section class=\"elementor-section elementor-top-section elementor-element elementor-element-2e8a6531 elementor-section-boxed elementor-section-height-default elementor-section-height-default\" data-id=\"2e8a6531\" data-element_type=\"section\" data-e-type=\"section\">\n\t\t\t\t\t\t<div class=\"elementor-container elementor-column-gap-default\">\n\t\t\t\t\t<div class=\"elementor-column elementor-col-33 elementor-top-column elementor-element elementor-element-2b79e7f9\" data-id=\"2b79e7f9\" data-element_type=\"column\" data-e-type=\"column\">\n\t\t\t<div class=\"elementor-widget-wrap elementor-element-populated\">\n\t\t\t\t\t\t<div class=\"elementor-element elementor-element-4a32f1a9 elementor-widget elementor-widget-image\" data-id=\"4a32f1a9\" data-element_type=\"widget\" data-e-type=\"widget\" data-widget_type=\"image.default\">\n\t\t\t\t<div class=\"elementor-widget-container\">\n\t\t\t\t\t\t\t\t\t\t\t\t\t\t\t<img decoding=\"async\" src=\"https:\/\/reiseprofi.online\/wp-content\/uploads\/elementor\/thumbs\/logo-reiseprofi2-pve3uv3f9y5yfc87qdflm3reu82wa7qpflhmhvkzc8.png\" title=\"logo reiseprofi2\" alt=\"logo reiseprofi2\" loading=\"lazy\" \/>\t\t\t\t\t\t\t\t\t\t\t\t\t\t\t<\/div>\n\t\t\t\t<\/div>\n\t\t\t\t\t<\/div>\n\t\t<\/div>\n\t\t\t\t<div class=\"elementor-column elementor-col-33 elementor-top-column elementor-element elementor-element-2c7c566\" data-id=\"2c7c566\" data-element_type=\"column\" data-e-type=\"column\">\n\t\t\t<div class=\"elementor-widget-wrap elementor-element-populated\">\n\t\t\t\t\t\t<div class=\"elementor-element elementor-element-36518e19 elementor-widget elementor-widget-ekit-nav-menu\" data-id=\"36518e19\" data-element_type=\"widget\" data-e-type=\"widget\" data-widget_type=\"ekit-nav-menu.default\">\n\t\t\t\t<div class=\"elementor-widget-container\">\n\t\t\t\t\t\t\t<nav class=\"ekit-wid-con ekit_menu_responsive_tablet\"\n\t\t\tdata-hamburger-icon=\"\"\n\t\t\tdata-hamburger-icon-type=\"icon\"\n\t\t\tdata-responsive-breakpoint=\"1024\">\n\t\t\t            <button class=\"elementskit-menu-hamburger elementskit-menu-toggler\"  type=\"button\" aria-label=\"hamburger-icon\">\n                                    <span class=\"elementskit-menu-hamburger-icon\"><\/span><span class=\"elementskit-menu-hamburger-icon\"><\/span><span class=\"elementskit-menu-hamburger-icon\"><\/span>\n                            <\/button>\n            <div id=\"ekit-megamenu-hauptmenue\" class=\"elementskit-menu-container elementskit-menu-offcanvas-elements elementskit-navbar-nav-default ekit-nav-menu-one-page-no ekit-nav-dropdown-hover\"><ul id=\"menu-hauptmenue\" class=\"elementskit-navbar-nav elementskit-menu-po-left submenu-click-on-icon\"><li id=\"menu-item-542\" class=\"menu-item menu-item-type-post_type menu-item-object-page menu-item-home menu-item-542 nav-item elementskit-mobile-builder-content\" data-vertical-menu=750px><a href=\"https:\/\/reiseprofi.online\/\" class=\"ekit-menu-nav-link menu-link\">Home<\/a><\/li>\n<li id=\"menu-item-2097\" class=\"menu-item menu-item-type-post_type menu-item-object-page menu-item-2097 nav-item elementskit-mobile-builder-content\" data-vertical-menu=750px><a href=\"https:\/\/reiseprofi.online\/?page_id=2095\" class=\"ekit-menu-nav-link menu-link\">Kreuzfahrten<\/a><\/li>\n<li id=\"menu-item-1137\" class=\"menu-item menu-item-type-post_type menu-item-object-page menu-item-has-children menu-item-1137 nav-item elementskit-dropdown-has relative_position elementskit-dropdown-menu-default_width elementskit-mobile-builder-content\" data-vertical-menu=750px><a aria-expanded=\"false\" href=\"https:\/\/reiseprofi.online\/?page_id=1136\" class=\"ekit-menu-nav-link ekit-menu-dropdown-toggle menu-link\">Wellness<i aria-hidden=\"true\" class=\"icon icon-down-arrow1 elementskit-submenu-indicator\"><\/i><\/a>\n<ul class=\"elementskit-dropdown elementskit-submenu-panel\">\n\t<li id=\"menu-item-1900\" class=\"menu-item menu-item-type-post_type menu-item-object-page menu-item-1900 nav-item elementskit-mobile-builder-content\" data-vertical-menu=750px><a href=\"https:\/\/reiseprofi.online\/?page_id=1899\" class=\" dropdown-item menu-link\">FIT-Reisen<\/a><\/ul>\n<\/li>\n<li id=\"menu-item-1140\" class=\"menu-item menu-item-type-post_type menu-item-object-page menu-item-has-children menu-item-1140 nav-item elementskit-dropdown-has relative_position elementskit-dropdown-menu-default_width elementskit-mobile-builder-content\" data-vertical-menu=750px><a aria-expanded=\"false\" href=\"https:\/\/reiseprofi.online\/?page_id=1139\" class=\"ekit-menu-nav-link ekit-menu-dropdown-toggle menu-link\">Aktivreisen<i aria-hidden=\"true\" class=\"icon icon-down-arrow1 elementskit-submenu-indicator\"><\/i><\/a>\n<ul class=\"elementskit-dropdown elementskit-submenu-panel\">\n\t<li id=\"menu-item-1871\" class=\"menu-item menu-item-type-post_type menu-item-object-page menu-item-1871 nav-item elementskit-mobile-builder-content\" data-vertical-menu=750px><a href=\"https:\/\/reiseprofi.online\/?page_id=1870\" class=\" dropdown-item menu-link\">Wikinger-Reisen<\/a><\/ul>\n<\/li>\n<li id=\"menu-item-2317\" class=\"menu-item menu-item-type-post_type menu-item-object-page menu-item-2317 nav-item elementskit-mobile-builder-content\" data-vertical-menu=750px><a href=\"https:\/\/reiseprofi.online\/?page_id=2316\" class=\"ekit-menu-nav-link menu-link\">Tanzreisen<\/a><\/li>\n<li id=\"menu-item-559\" class=\"menu-item menu-item-type-post_type menu-item-object-page menu-item-has-children menu-item-559 nav-item elementskit-dropdown-has relative_position elementskit-dropdown-menu-default_width elementskit-mobile-builder-content\" data-vertical-menu=750px><a aria-expanded=\"false\" href=\"https:\/\/reiseprofi.online\/?page_id=558\" class=\"ekit-menu-nav-link ekit-menu-dropdown-toggle menu-link\">Kontakt<i aria-hidden=\"true\" class=\"icon icon-down-arrow1 elementskit-submenu-indicator\"><\/i><\/a>\n<ul class=\"elementskit-dropdown elementskit-submenu-panel\">\n\t<li id=\"menu-item-544\" class=\"menu-item menu-item-type-post_type menu-item-object-page menu-item-privacy-policy menu-item-544 nav-item elementskit-mobile-builder-content\" data-vertical-menu=750px><a href=\"https:\/\/reiseprofi.online\/?page_id=3\" class=\" dropdown-item menu-link\">Datenschutzgrundverordnung<\/a><\/ul>\n<\/li>\n<\/ul><div class=\"elementskit-nav-identity-panel\"><button class=\"elementskit-menu-close elementskit-menu-toggler\" type=\"button\">X<\/button><\/div><\/div>\n\t\t\t<div class=\"elementskit-menu-overlay elementskit-menu-offcanvas-elements elementskit-menu-toggler ekit-nav-menu--overlay\"><\/div>        <\/nav>\n\t\t\t\t\t\t<\/div>\n\t\t\t\t<\/div>\n\t\t\t\t\t<\/div>\n\t\t<\/div>\n\t\t\t\t<div class=\"elementor-column elementor-col-33 elementor-top-column elementor-element elementor-element-58db1319\" data-id=\"58db1319\" data-element_type=\"column\" data-e-type=\"column\">\n\t\t\t<div class=\"elementor-widget-wrap elementor-element-populated\">\n\t\t\t\t\t\t<div class=\"elementor-element elementor-element-7e8ee5d elementor-widget elementor-widget-heading\" data-id=\"7e8ee5d\" data-element_type=\"widget\" data-e-type=\"widget\" data-widget_type=\"heading.default\">\n\t\t\t\t<div class=\"elementor-widget-container\">\n\t\t\t\t\t<h2 class=\"elementor-heading-title elementor-size-default\">Kontakt:<p>01577-2851578<\/p><\/h2>\t\t\t\t<\/div>\n\t\t\t\t<\/div>\n\t\t\t\t\t<\/div>\n\t\t<\/div>\n\t\t\t\t\t<\/div>\n\t\t<\/section>\n\t\t<div class=\"elementor-element elementor-element-1a0bb55 e-flex e-con-boxed e-con e-parent\" data-id=\"1a0bb55\" data-element_type=\"container\" data-e-type=\"container\">\n\t\t\t\t\t<div class=\"e-con-inner\">\n\t\t\t\t<div class=\"elementor-element elementor-element-9f9c863 animated-slow elementor-invisible elementor-widget elementor-widget-image\" data-id=\"9f9c863\" data-element_type=\"widget\" data-e-type=\"widget\" data-settings=\"{&quot;_animation&quot;:&quot;fadeIn&quot;}\" data-widget_type=\"image.default\">\n\t\t\t\t<div class=\"elementor-widget-container\">\n\t\t\t\t\t\t\t\t\t\t\t\t\t\t\t<img fetchpriority=\"high\" decoding=\"async\" width=\"1915\" height=\"727\" src=\"https:\/\/reiseprofi.online\/wp-content\/uploads\/2023\/08\/woman-5542457_1920-1.jpg\" class=\"attachment-full size-full wp-image-2329\" alt=\"\" srcset=\"https:\/\/reiseprofi.online\/wp-content\/uploads\/2023\/08\/woman-5542457_1920-1.jpg 1915w, https:\/\/reiseprofi.online\/wp-content\/uploads\/2023\/08\/woman-5542457_1920-1-300x114.jpg 300w, https:\/\/reiseprofi.online\/wp-content\/uploads\/2023\/08\/woman-5542457_1920-1-1024x389.jpg 1024w, https:\/\/reiseprofi.online\/wp-content\/uploads\/2023\/08\/woman-5542457_1920-1-768x292.jpg 768w, https:\/\/reiseprofi.online\/wp-content\/uploads\/2023\/08\/woman-5542457_1920-1-1536x583.jpg 1536w\" sizes=\"(max-width: 1915px) 100vw, 1915px\" \/>\t\t\t\t\t\t\t\t\t\t\t\t\t\t\t<\/div>\n\t\t\t\t<\/div>\n\t\t\t\t\t<\/div>\n\t\t\t\t<\/div>\n\t\t<div class=\"elementor-element elementor-element-adc3a35 e-flex e-con-boxed e-con e-parent\" data-id=\"adc3a35\" data-element_type=\"container\" data-e-type=\"container\">\n\t\t\t\t\t<div class=\"e-con-inner\">\n\t\t\t\t<div class=\"elementor-element elementor-element-3699a20 elementor-widget elementor-widget-heading\" data-id=\"3699a20\" data-element_type=\"widget\" data-e-type=\"widget\" data-widget_type=\"heading.default\">\n\t\t\t\t<div class=\"elementor-widget-container\">\n\t\t\t\t\t<h2 class=\"elementor-heading-title elementor-size-default\">Tanzreisen<\/h2>\t\t\t\t<\/div>\n\t\t\t\t<\/div>\n\t\t\t\t\t<\/div>\n\t\t\t\t<\/div>\n\t\t<div class=\"elementor-element elementor-element-a2ef5e6 e-flex e-con-boxed e-con e-parent\" data-id=\"a2ef5e6\" data-element_type=\"container\" data-e-type=\"container\">\n\t\t\t\t\t<div class=\"e-con-inner\">\n\t\t<div class=\"elementor-element elementor-element-804d734 e-con-full e-flex e-con e-child\" data-id=\"804d734\" data-element_type=\"container\" data-e-type=\"container\">\n\t\t\t\t<div class=\"elementor-element elementor-element-9a90ba5 elementor-widget elementor-widget-text-editor\" data-id=\"9a90ba5\" data-element_type=\"widget\" data-e-type=\"widget\" data-widget_type=\"text-editor.default\">\n\t\t\t\t<div class=\"elementor-widget-container\">\n\t\t\t\t\t\t\t\t\t<p><strong>Ich bin selbst schon begeisterte Teilnehmerin einer Tanzreise gewesen \u2013 lassen Sie sich von mir beraten<\/strong><\/p><p><strong>Auf Reisen &#8230; mit Tanzschuhen im Gep\u00e4ck <\/strong><\/p><p>Tanzreisen verbindet 2 der sch\u00f6nsten Freizeitbesch\u00e4ftigungen zu einem einzigartigen Erlebnis: Tanzen &amp; Reisen.<\/p><p>Tanzreisen sind ein pures Vergn\u00fcgen, daf\u00fcr sorgt ein Reiseprogramm mit Tanzkursen, Events und dem Besuch ausgew\u00e4hlter Tanz- und Salsaveranstaltungen. Die Tanzkurse werden von einheimischen Tanzprofis geleitet.<\/p><p>Lernen Sie die Salsa in einer Mischung aus europ\u00e4ischer Effizienz und der feurigen Leidenschaft des Tanzteams vor Ort.<\/p><p>Gleichzeitig erhalten Sie ein tieferes Verst\u00e4ndnis f\u00fcr Kultur, Land und Menschen. Der Schl\u00fcssel hierzu ist das Tanzen: Man ist sich nah, \u00f6ffnet sich, bewegt sich im gleichen Rhythmus, h\u00f6rt Musik des Landes, die Sprache \u2013 Verst\u00e4ndigung und Erfahrung entstehen dabei wie von selbst.<\/p><p>Genie\u00dfen Sie eine traumhafte Salsa-Tanzreise in Kuba oder Spanien. Oder genie\u00dfen eine Bachata-Tanzreise nach Mallorca oder Barcelona.<\/p><p>Auf allen Reisen geh\u00f6ren Tanzkurse mit exzellenten einheimischen Trainern zum Programm. Sie reisen nur an ausgew\u00e4hlte Orte, wo das Tanzen zum t\u00e4glichen Lifestyle und Wohlf\u00fchlen geh\u00f6rt.<\/p><p><strong>F\u00fcr Singles und Paare<\/strong><\/p><p>Sie reisen in der Gruppe und lernen neue Leute kennen. Alle G\u00e4ste teilen die gleiche Leidenschaft f\u00fcr Tanzen und Reisen. Singles und auch Paaren werden beste Voraussetzungen f\u00fcr eine traumhafte Tanzreise geboten.<\/p><p><strong>F\u00fcr Ihre Buchung und Beratung, rufen Sie mich gerne an: <\/strong><br \/><strong>Tel: 01577-2851578<\/strong><\/p><p>\u00a0<\/p>\t\t\t\t\t\t\t\t<\/div>\n\t\t\t\t<\/div>\n\t\t\t\t<\/div>\n\t\t<div class=\"elementor-element elementor-element-ecad679 e-con-full e-flex e-con e-child\" data-id=\"ecad679\" data-element_type=\"container\" data-e-type=\"container\">\n\t\t\t\t<div class=\"elementor-element elementor-element-05cac04 elementor-widget elementor-widget-image\" data-id=\"05cac04\" data-element_type=\"widget\" data-e-type=\"widget\" data-widget_type=\"image.default\">\n\t\t\t\t<div class=\"elementor-widget-container\">\n\t\t\t\t\t\t\t\t\t\t\t\t\t\t\t<img decoding=\"async\" width=\"786\" height=\"695\" src=\"https:\/\/reiseprofi.online\/wp-content\/uploads\/2023\/08\/IMG-20230306-WA0002.jpg\" class=\"attachment-large size-large wp-image-2423\" alt=\"\" srcset=\"https:\/\/reiseprofi.online\/wp-content\/uploads\/2023\/08\/IMG-20230306-WA0002.jpg 786w, https:\/\/reiseprofi.online\/wp-content\/uploads\/2023\/08\/IMG-20230306-WA0002-300x265.jpg 300w, https:\/\/reiseprofi.online\/wp-content\/uploads\/2023\/08\/IMG-20230306-WA0002-768x679.jpg 768w\" sizes=\"(max-width: 786px) 100vw, 786px\" \/>\t\t\t\t\t\t\t\t\t\t\t\t\t\t\t<\/div>\n\t\t\t\t<\/div>\n\t\t\t\t<div class=\"elementor-element elementor-element-9fd8f75 elementor-widget elementor-widget-heading\" data-id=\"9fd8f75\" data-element_type=\"widget\" data-e-type=\"widget\" data-widget_type=\"heading.default\">\n\t\t\t\t<div class=\"elementor-widget-container\">\n\t\t\t\t\t<h2 class=\"elementor-heading-title elementor-size-default\">Tanzen macht Spa\u00df!<\/h2>\t\t\t\t<\/div>\n\t\t\t\t<\/div>\n\t\t\t\t<\/div>\n\t\t\t\t\t<\/div>\n\t\t\t\t<\/div>\n\t\t\t\t<section class=\"elementor-section elementor-top-section elementor-element elementor-element-644e5d33 elementor-section-boxed elementor-section-height-default elementor-section-height-default\" data-id=\"644e5d33\" data-element_type=\"section\" data-e-type=\"section\" data-settings=\"{&quot;background_background&quot;:&quot;classic&quot;}\">\n\t\t\t\t\t\t<div class=\"elementor-container elementor-column-gap-default\">\n\t\t\t\t\t<div class=\"elementor-column elementor-col-33 elementor-top-column elementor-element elementor-element-5370992\" data-id=\"5370992\" data-element_type=\"column\" data-e-type=\"column\">\n\t\t\t<div class=\"elementor-widget-wrap elementor-element-populated\">\n\t\t\t\t\t\t<div class=\"elementor-element elementor-element-644c73b2 elementor-widget elementor-widget-heading\" data-id=\"644c73b2\" data-element_type=\"widget\" data-e-type=\"widget\" data-widget_type=\"heading.default\">\n\t\t\t\t<div class=\"elementor-widget-container\">\n\t\t\t\t\t<h2 class=\"elementor-heading-title elementor-size-default\">reiseprofi<br> annette Krueger<\/h2>\t\t\t\t<\/div>\n\t\t\t\t<\/div>\n\t\t\t\t\t<\/div>\n\t\t<\/div>\n\t\t\t\t<div class=\"elementor-column elementor-col-33 elementor-top-column elementor-element elementor-element-6ecbfb87\" data-id=\"6ecbfb87\" data-element_type=\"column\" data-e-type=\"column\">\n\t\t\t<div class=\"elementor-widget-wrap elementor-element-populated\">\n\t\t\t\t\t\t<div class=\"elementor-element elementor-element-63b742c1 elementor-widget elementor-widget-image\" data-id=\"63b742c1\" data-element_type=\"widget\" data-e-type=\"widget\" data-widget_type=\"image.default\">\n\t\t\t\t<div class=\"elementor-widget-container\">\n\t\t\t\t\t\t\t\t\t\t\t\t\t\t\t<img decoding=\"async\" width=\"1024\" height=\"595\" src=\"https:\/\/reiseprofi.online\/wp-content\/uploads\/2022\/10\/weltkarte-1024x595.png\" class=\"attachment-large size-large wp-image-1798\" alt=\"\" srcset=\"https:\/\/reiseprofi.online\/wp-content\/uploads\/2022\/10\/weltkarte-1024x595.png 1024w, https:\/\/reiseprofi.online\/wp-content\/uploads\/2022\/10\/weltkarte-300x174.png 300w, https:\/\/reiseprofi.online\/wp-content\/uploads\/2022\/10\/weltkarte-768x447.png 768w, https:\/\/reiseprofi.online\/wp-content\/uploads\/2022\/10\/weltkarte-1536x893.png 1536w, https:\/\/reiseprofi.online\/wp-content\/uploads\/2022\/10\/weltkarte.png 2000w\" sizes=\"(max-width: 1024px) 100vw, 1024px\" \/>\t\t\t\t\t\t\t\t\t\t\t\t\t\t\t<\/div>\n\t\t\t\t<\/div>\n\t\t\t\t\t<\/div>\n\t\t<\/div>\n\t\t\t\t<div class=\"elementor-column elementor-col-33 elementor-top-column elementor-element elementor-element-3318fcd4\" data-id=\"3318fcd4\" data-element_type=\"column\" data-e-type=\"column\">\n\t\t\t<div class=\"elementor-widget-wrap elementor-element-populated\">\n\t\t\t\t\t\t<div class=\"elementor-element elementor-element-1704d328 elementor-widget elementor-widget-button\" data-id=\"1704d328\" data-element_type=\"widget\" data-e-type=\"widget\" data-widget_type=\"button.default\">\n\t\t\t\t<div class=\"elementor-widget-container\">\n\t\t\t\t\t\t\t\t\t<div class=\"elementor-button-wrapper\">\n\t\t\t\t\t<a class=\"elementor-button elementor-button-link elementor-size-sm\" href=\"https:\/\/reiseprofi.online\/?page_id=558\">\n\t\t\t\t\t\t<span class=\"elementor-button-content-wrapper\">\n\t\t\t\t\t\t\t\t\t<span class=\"elementor-button-text\">- Kontakt<\/span>\n\t\t\t\t\t<\/span>\n\t\t\t\t\t<\/a>\n\t\t\t\t<\/div>\n\t\t\t\t\t\t\t\t<\/div>\n\t\t\t\t<\/div>\n\t\t\t\t<div class=\"elementor-element elementor-element-593cbfea elementor-widget elementor-widget-button\" data-id=\"593cbfea\" data-element_type=\"widget\" data-e-type=\"widget\" data-widget_type=\"button.default\">\n\t\t\t\t<div class=\"elementor-widget-container\">\n\t\t\t\t\t\t\t\t\t<div class=\"elementor-button-wrapper\">\n\t\t\t\t\t<a class=\"elementor-button elementor-button-link elementor-size-sm\" href=\"https:\/\/reiseprofi.online\/?page_id=558\">\n\t\t\t\t\t\t<span class=\"elementor-button-content-wrapper\">\n\t\t\t\t\t\t\t\t\t<span class=\"elementor-button-text\">- Impressum<\/span>\n\t\t\t\t\t<\/span>\n\t\t\t\t\t<\/a>\n\t\t\t\t<\/div>\n\t\t\t\t\t\t\t\t<\/div>\n\t\t\t\t<\/div>\n\t\t\t\t<div class=\"elementor-element elementor-element-6ebedba9 elementor-widget elementor-widget-button\" data-id=\"6ebedba9\" data-element_type=\"widget\" data-e-type=\"widget\" data-widget_type=\"button.default\">\n\t\t\t\t<div class=\"elementor-widget-container\">\n\t\t\t\t\t\t\t\t\t<div class=\"elementor-button-wrapper\">\n\t\t\t\t\t<a class=\"elementor-button elementor-button-link elementor-size-sm\" href=\"https:\/\/reiseprofi.online\/?page_id=3\">\n\t\t\t\t\t\t<span class=\"elementor-button-content-wrapper\">\n\t\t\t\t\t\t\t\t\t<span class=\"elementor-button-text\">- Datenschutzgrundverordnung<\/span>\n\t\t\t\t\t<\/span>\n\t\t\t\t\t<\/a>\n\t\t\t\t<\/div>\n\t\t\t\t\t\t\t\t<\/div>\n\t\t\t\t<\/div>\n\t\t\t\t\t<\/div>\n\t\t<\/div>\n\t\t\t\t\t<\/div>\n\t\t<\/section>\n\t\t\t\t<\/div>\n\t\t","protected":false},"excerpt":{"rendered":"<p>Home Kreuzfahrten Wellness FIT-Reisen Aktivreisen Wikinger-Reisen Tanz-Reisen Kontakt Datenschutzgrundverordnung X Kontakt: 01577-2851578 Tanzreisen Ich bin selbst schon begeisterte Teilnehmerin einer Tanzreise gewesen \u2013 lassen Sie sich von mir beraten Auf Reisen &#8230; mit Tanzschuhen im Gep\u00e4ck Tanzreisen verbindet 2 der sch\u00f6nsten Freizeitbesch\u00e4ftigungen zu einem einzigartigen Erlebnis: Tanzen &amp; Reisen. Tanzreisen sind ein pures Vergn\u00fcgen, daf\u00fcr [&hellip;]<\/p>\n","protected":false},"author":1,"featured_media":0,"parent":0,"menu_order":0,"comment_status":"closed","ping_status":"closed","template":"","meta":{"site-sidebar-layout":"default","site-content-layout":"page-builder","ast-site-content-layout":"full-width-container","site-content-style":"unboxed","site-sidebar-style":"unboxed","ast-global-header-display":"disabled","ast-banner-title-visibility":"disabled","ast-main-header-display":"","ast-hfb-above-header-display":"","ast-hfb-below-header-display":"","ast-hfb-mobile-header-display":"","site-post-title":"disabled","ast-breadcrumbs-content":"","ast-featured-img":"disabled","footer-sml-layout":"disabled","ast-disable-related-posts":"","theme-transparent-header-meta":"","adv-header-id-meta":"","stick-header-meta":"","header-above-stick-meta":"","header-main-stick-meta":"","header-below-stick-meta":"","astra-migrate-meta-layouts":"set","ast-page-background-enabled":"default","ast-page-background-meta":{"desktop":{"background-color":"var(--ast-global-color-4)","background-image":"","background-repeat":"repeat","background-position":"center center","background-size":"auto","background-attachment":"scroll","background-type":"","background-media":"","overlay-type":"","overlay-color":"","overlay-opacity":"","overlay-gradient":""},"tablet":{"background-color":"","background-image":"","background-repeat":"repeat","background-position":"center center","background-size":"auto","background-attachment":"scroll","background-type":"","background-media":"","overlay-type":"","overlay-color":"","overlay-opacity":"","overlay-gradient":""},"mobile":{"background-color":"","background-image":"","background-repeat":"repeat","background-position":"center center","background-size":"auto","background-attachment":"scroll","background-type":"","background-media":"","overlay-type":"","overlay-color":"","overlay-opacity":"","overlay-gradient":""}},"ast-content-background-meta":{"desktop":{"background-color":"var(--ast-global-color-5)","background-image":"","background-repeat":"repeat","background-position":"center center","background-size":"auto","background-attachment":"scroll","background-type":"","background-media":"","overlay-type":"","overlay-color":"","overlay-opacity":"","overlay-gradient":""},"tablet":{"background-color":"var(--ast-global-color-5)","background-image":"","background-repeat":"repeat","background-position":"center center","background-size":"auto","background-attachment":"scroll","background-type":"","background-media":"","overlay-type":"","overlay-color":"","overlay-opacity":"","overlay-gradient":""},"mobile":{"background-color":"var(--ast-global-color-5)","background-image":"","background-repeat":"repeat","background-position":"center center","background-size":"auto","background-attachment":"scroll","background-type":"","background-media":"","overlay-type":"","overlay-color":"","overlay-opacity":"","overlay-gradient":""}},"footnotes":""},"class_list":["post-2316","page","type-page","status-publish","hentry"],"_links":{"self":[{"href":"https:\/\/reiseprofi.online\/index.php?rest_route=\/wp\/v2\/pages\/2316","targetHints":{"allow":["GET"]}}],"collection":[{"href":"https:\/\/reiseprofi.online\/index.php?rest_route=\/wp\/v2\/pages"}],"about":[{"href":"https:\/\/reiseprofi.online\/index.php?rest_route=\/wp\/v2\/types\/page"}],"author":[{"embeddable":true,"href":"https:\/\/reiseprofi.online\/index.php?rest_route=\/wp\/v2\/users\/1"}],"replies":[{"embeddable":true,"href":"https:\/\/reiseprofi.online\/index.php?rest_route=%2Fwp%2Fv2%2Fcomments&post=2316"}],"version-history":[{"count":96,"href":"https:\/\/reiseprofi.online\/index.php?rest_route=\/wp\/v2\/pages\/2316\/revisions"}],"predecessor-version":[{"id":2446,"href":"https:\/\/reiseprofi.online\/index.php?rest_route=\/wp\/v2\/pages\/2316\/revisions\/2446"}],"wp:attachment":[{"href":"https:\/\/reiseprofi.online\/index.php?rest_route=%2Fwp%2Fv2%2Fmedia&parent=2316"}],"curies":[{"name":"wp","href":"https:\/\/api.w.org\/{rel}","templated":true}]}}